{"id":11,"date":"2024-01-16T20:22:06","date_gmt":"2024-01-16T23:22:06","guid":{"rendered":"http:\/\/consuladoguianasp.org.br\/novo\/?page_id=11"},"modified":"2024-01-17T19:34:02","modified_gmt":"2024-01-17T22:34:02","slug":"about","status":"publish","type":"page","link":"http:\/\/consuladoguianasp.org.br\/?page_id=11","title":{"rendered":"A Guiana"},"content":{"rendered":"\n<p>A Guiana \u00e9 um pa\u00eds Sul-americano \/ Caribenho com, aproximadamente, 215000 kil\u00f4metros quadrados de extens\u00e3o e uma rica paisagem. O Pa\u00eds \u00e9 formado por tr\u00eas munic\u00edpios: Demerara, Berbice e Essequibo. No primeiro encontra-se a cidade de Georgetown, a capital do Pa\u00eds e a base de estada da maioria dos turistas.&nbsp;<\/p>\n\n\n\n<p>Georgetown \u00e9 feita aos padr\u00f5es vitoriano e g\u00f3tico, com avenidas amplamente arborizadas e majestosos pr\u00e9dios coloniais. Essa heran\u00e7a arquitet\u00f4nica se deve aos esfor\u00e7os do National Trust (Ag\u00eancia nacional de Preserva\u00e7\u00e3o do Patrim\u00f4nio do Pa\u00eds) e \u00e0 sua habilidade em equilibrar mudan\u00e7as e moderniza\u00e7\u00f5es sem alterar a integridade das estruturas hist\u00f3ricas da cidade. A Avenue of the Republic (Avenida da Rep\u00fablica), de Brickdam a Church Street, \u00e9 hist\u00f3rica. Os edif\u00edcios do Parlamento, que chegam a ocupar um quarteir\u00e3o inteiro, situam-se \u00e0 frente do Stabroek Market (Mercado Stabroek) e da Old Fire Station (Antigo Corpo de Bombeiros) e, em seus jardins, est\u00e1 est\u00e1tua de Hubert Nathaniel Critchlow, pai da unifica\u00e7\u00e3o comercial guianense. Ao norte, e localizada no extremo oposto aos pr\u00e9dios do Parlamento, est\u00e1 a igreja mais antiga de Georgetown \u2013 St. Andrew\u2019s Presbiterian kirk, um elegante monumento de madeira que n\u00e3o sucumbiu com o passar dos anos. O complexo de estruturas hist\u00f3ricas se completa com os tra\u00e7os vitorianos dos pr\u00e9dios da Victoria Law Courts e da High Court que cortam a avenida. N\u00e3o se poderia deixar de mencionar, tamb\u00e9m, a Catedral de St. George, localizada a nordeste da capital, considerada a mais alta constru\u00e7\u00e3o em madeira do mundo.&nbsp;<\/p>\n\n\n\n<p>Digno de men\u00e7\u00e3o, ainda, em rota \u00e0 Sea Wall Road e Lemeridien Pegasus, \u00e9 o Cheddi Jagan Research Center (Centro de Pesquisas Cheddi Jagan) \u2013 conhecido como \u201cCasa Vermelha\u201d -, um impressionante exemplar da utiliza\u00e7\u00e3o arquitet\u00f4nica da madeira, al\u00e9m, claro, dos exemplares modernos da cidade como o Banco da Guiana, o Centro Cultural Nacional, tido como um dos melhores de sua categoria no Caribe, e, mais recentemente, a sede do Secretariado do CARICOM.&nbsp;<\/p>\n\n\n\n<p>Seguindo a leste de Georgetown e cruzando a ponte Abary, entra-se no munic\u00edpio de Berbice. Conhecido como o \u201cmunic\u00edpio antigo\u201d, Berbice confunde com sua mistura arquitet\u00f4nica moderna e hist\u00f3rica, com seus mercados tem\u00e1ticos e com a ambienta\u00e7\u00e3o Mediterr\u00e2nea de sua famosa rua Coburg (Nova Amsterd\u00e3). Em 1627, Abraham Van Pere estabeleceu um pequeno assentamento \u00e0s margens do rio Berbice, aproximadamente a 75 milhas da atual cidade de Nova Amsterd\u00e3. Fort Nassau, uma pequena fortaleza de madeira foi constru\u00eddo. Registros antigos descrevem essa fortaleza como feita de madeira, cercada de estacas e armada com um pequeno canh\u00e3o.&nbsp;<\/p>\n\n\n\n<p>O munic\u00edpio de Berbice concentra alguns dos melhores aspectos da heran\u00e7a cultural guianense, com tra\u00e7os da arquitetura, agricultura e ind\u00fastria coexistindo com a tradicional fauna e flora locais \u2013 e tudo com caracter\u00edsticas hist\u00f3ricas.&nbsp;<\/p>\n\n\n\n<p>Blairmont e Skeldon s\u00e3o famosas por suas planta\u00e7\u00f5es de a\u00e7\u00facar. Elas conseguiram conservar os mesmos campos de cana-de-a\u00e7\u00facar, o complexo industrial e as resid\u00eancias dos trabalhadores. Um passeio pelas \u00e1guas negras do Rio Berbice oferece a chance de se observar uma grande variedade de esp\u00e9cies de p\u00e1ssaros, como a ave nacional Canje Pheasant, al\u00e9m de araras e papagaios; olhares mais atentos ainda conseguir\u00e3o ver macacos pulando entre os galhos do emaranhado de \u00e1rvores da floresta.&nbsp;<\/p>\n\n\n\n<p>A cidade de Nova Amsterd\u00e3 tamb\u00e9m ir\u00e1 prover uma interessante mistura da hist\u00f3ria arquitet\u00f4nica do Pa\u00eds, com majestosas estruturas como as do Hospital P\u00fablico de Nova Amsterd\u00e3, o Town Hall e a Igreja Mission Chapel Congretional.&nbsp;<\/p>\n\n\n\n<p>E finalmente, Essequibo, o maior dos tr\u00eas munic\u00edpios cobrindo, aproximadamente, dois-ter\u00e7os de todo o territ\u00f3rio guyanense, completa e aprofunda os mist\u00e9rios do Pa\u00eds. Conhecido como o \u201cMunic\u00edpio Cinderela\u201d, Essequibo \u00e9 o lar da maior cadeia montanhosa \u2013 a Paraikamas; da maior queda d\u2019\u00e1gua do Pa\u00eds \u2013 Keiteur Falls; do maior rio \u2013 o Rio Essequibo; da savana mais extensa \u2013 a Rupununi; da maior concentra\u00e7\u00e3o de povos ind\u00edgenas e lar de uma incont\u00e1vel variedade de flora, de esp\u00e9cies selvagens e de tesouros naturais. Os mais conhecidos centros de Essequibo s\u00e3o: Parika e Bartica a leste, Anna Regina a oeste, e Lethem ao sul.&nbsp;<\/p>\n\n\n\n<div class=\"wp-block-columns alignwide is-layout-flex wp-container-core-columns-is-layout-28f84493 wp-block-columns-is-layout-flex\">\n<div class=\"wp-block-column is-layout-flow wp-block-column-is-layout-flow\">\n<figure class=\"wp-block-image size-full\"><img fetchpriority=\"high\" decoding=\"async\" width=\"900\" height=\"600\" src=\"http:\/\/consuladoguianasp.org.br\/novo\/wp-content\/uploads\/2024\/01\/video-1.png\" alt=\"\" class=\"wp-image-36\" srcset=\"http:\/\/consuladoguianasp.org.br\/wp-content\/uploads\/2024\/01\/video-1.png 900w, http:\/\/consuladoguianasp.org.br\/wp-content\/uploads\/2024\/01\/video-1-300x200.png 300w\" sizes=\"(max-width: 900px) 100vw, 900px\" \/><\/figure>\n\n\n\n<p class=\"has-black-color has-text-color has-medium-font-size\">Demerara<\/p>\n<\/div>\n\n\n\n<div class=\"wp-block-column is-layout-flow wp-block-column-is-layout-flow\">\n<figure class=\"wp-block-image size-full\"><img decoding=\"async\" width=\"800\" height=\"533\" src=\"http:\/\/consuladoguianasp.org.br\/novo\/wp-content\/uploads\/2024\/01\/BerbiceRiver.jpeg\" alt=\"\" class=\"wp-image-37\" srcset=\"http:\/\/consuladoguianasp.org.br\/wp-content\/uploads\/2024\/01\/BerbiceRiver.jpeg 800w, http:\/\/consuladoguianasp.org.br\/wp-content\/uploads\/2024\/01\/BerbiceRiver-300x200.jpeg 300w\" sizes=\"(max-width: 800px) 100vw, 800px\" \/><\/figure>\n\n\n\n<p class=\"has-black-color has-text-color has-medium-font-size\">Berbice<\/p>\n<\/div>\n\n\n\n<div class=\"wp-block-column is-layout-flow wp-block-column-is-layout-flow\">\n<figure class=\"wp-block-image size-full\"><img decoding=\"async\" width=\"900\" height=\"600\" src=\"http:\/\/consuladoguianasp.org.br\/novo\/wp-content\/uploads\/2024\/01\/essequibo.png\" alt=\"\" class=\"wp-image-39\" srcset=\"http:\/\/consuladoguianasp.org.br\/wp-content\/uploads\/2024\/01\/essequibo.png 900w, http:\/\/consuladoguianasp.org.br\/wp-content\/uploads\/2024\/01\/essequibo-300x200.png 300w\" sizes=\"(max-width: 900px) 100vw, 900px\" \/><\/figure>\n\n\n\n<p class=\"has-black-color has-text-color has-medium-font-size\"><a href=\"#\">Essequibo<\/a><\/p>\n<\/div>\n<\/div>\n\n\n\n<figure class=\"wp-block-embed alignwide is-type-video is-provider-youtube wp-block-embed-youtube wp-embed-aspect-16-9 wp-has-aspect-ratio\"><div class=\"wp-block-embed__wrapper\">\n<iframe title=\"HIST\u00d3RIA DA GUIANA | Um pa\u00eds com o Territ\u00f3rio em Disputa | Globalizando Conhecimento\" width=\"950\" height=\"534\" src=\"https:\/\/www.youtube.com\/embed\/7zI9K1U96DA?feature=oembed\" frameborder=\"0\" allow=\"accelerometer; autoplay; clipboard-write; encrypted-media; gyroscope; picture-in-picture; web-share\" allowfullscreen><\/iframe>\n<\/div><\/figure>\n\n\n\n<div class=\"wp-block-group has-global-padding is-layout-constrained wp-block-group-is-layout-constrained\"><\/div>\n","protected":false},"excerpt":{"rendered":"<p>A Guiana \u00e9 um pa\u00eds Sul-americano \/ Caribenho com, aproximadamente, 215000 kil\u00f4metros quadrados de extens\u00e3o e uma rica paisagem. O Pa\u00eds \u00e9 formado por tr\u00eas munic\u00edpios: Demerara, Berbice e Essequibo. No primeiro encontra-se a cidade de Georgetown, a capital do Pa\u00eds e a base de estada da maioria dos turistas.&nbsp; Georgetown \u00e9 feita aos padr\u00f5es &hellip; <\/p>\n<p class=\"link-more\"><a href=\"http:\/\/consuladoguianasp.org.br\/?page_id=11\" class=\"more-link\">Read more<span class=\"screen-reader-text\"> &#8220;A Guiana&#8221;<\/span><\/a><\/p>\n","protected":false},"author":1,"featured_media":53,"parent":0,"menu_order":0,"comment_status":"closed","ping_status":"closed","template":"","meta":{"footnotes":""},"class_list":["post-11","page","type-page","status-publish","has-post-thumbnail","hentry"],"featured_media_urls":{"thumbnail":["http:\/\/consuladoguianasp.org.br\/wp-content\/uploads\/2024\/01\/ccfvgbhinj-150x150.jpeg",150,150,true],"medium":["http:\/\/consuladoguianasp.org.br\/wp-content\/uploads\/2024\/01\/ccfvgbhinj-300x180.jpeg",300,180,true],"medium_large":["http:\/\/consuladoguianasp.org.br\/wp-content\/uploads\/2024\/01\/ccfvgbhinj.jpeg",768,461,false],"large":["http:\/\/consuladoguianasp.org.br\/wp-content\/uploads\/2024\/01\/ccfvgbhinj-1024x614.jpeg",950,570,true],"1536x1536":["http:\/\/consuladoguianasp.org.br\/wp-content\/uploads\/2024\/01\/ccfvgbhinj-1536x922.jpeg",1536,922,true],"2048x2048":["http:\/\/consuladoguianasp.org.br\/wp-content\/uploads\/2024\/01\/ccfvgbhinj.jpeg",2000,1200,false],"inspiro-featured-image":["http:\/\/consuladoguianasp.org.br\/wp-content\/uploads\/2024\/01\/ccfvgbhinj.jpeg",2000,1200,false],"inspiro-loop":["http:\/\/consuladoguianasp.org.br\/wp-content\/uploads\/2024\/01\/ccfvgbhinj-950x320.jpeg",950,320,true],"inspiro-loop@2x":["http:\/\/consuladoguianasp.org.br\/wp-content\/uploads\/2024\/01\/ccfvgbhinj-1900x640.jpeg",1900,640,true],"portfolio_item-thumbnail":["http:\/\/consuladoguianasp.org.br\/wp-content\/uploads\/2024\/01\/ccfvgbhinj-600x400.jpeg",600,400,true],"portfolio_item-thumbnail@2x":["http:\/\/consuladoguianasp.org.br\/wp-content\/uploads\/2024\/01\/ccfvgbhinj-1200x800.jpeg",1200,800,true],"portfolio_item-masonry":["http:\/\/consuladoguianasp.org.br\/wp-content\/uploads\/2024\/01\/ccfvgbhinj-600x360.jpeg",600,360,true],"portfolio_item-masonry@2x":["http:\/\/consuladoguianasp.org.br\/wp-content\/uploads\/2024\/01\/ccfvgbhinj-1200x720.jpeg",1200,720,true],"portfolio_item-thumbnail_cinema":["http:\/\/consuladoguianasp.org.br\/wp-content\/uploads\/2024\/01\/ccfvgbhinj-800x335.jpeg",800,335,true],"portfolio_item-thumbnail_portrait":["http:\/\/consuladoguianasp.org.br\/wp-content\/uploads\/2024\/01\/ccfvgbhinj-600x900.jpeg",600,900,true],"portfolio_item-thumbnail_portrait@2x":["http:\/\/consuladoguianasp.org.br\/wp-content\/uploads\/2024\/01\/ccfvgbhinj-1200x1200.jpeg",1200,1200,true],"portfolio_item-thumbnail_square":["http:\/\/consuladoguianasp.org.br\/wp-content\/uploads\/2024\/01\/ccfvgbhinj-800x800.jpeg",800,800,true]},"_links":{"self":[{"href":"http:\/\/consuladoguianasp.org.br\/index.php?rest_route=\/wp\/v2\/pages\/11","targetHints":{"allow":["GET"]}}],"collection":[{"href":"http:\/\/consuladoguianasp.org.br\/index.php?rest_route=\/wp\/v2\/pages"}],"about":[{"href":"http:\/\/consuladoguianasp.org.br\/index.php?rest_route=\/wp\/v2\/types\/page"}],"author":[{"embeddable":true,"href":"http:\/\/consuladoguianasp.org.br\/index.php?rest_route=\/wp\/v2\/users\/1"}],"replies":[{"embeddable":true,"href":"http:\/\/consuladoguianasp.org.br\/index.php?rest_route=%2Fwp%2Fv2%2Fcomments&post=11"}],"version-history":[{"count":4,"href":"http:\/\/consuladoguianasp.org.br\/index.php?rest_route=\/wp\/v2\/pages\/11\/revisions"}],"predecessor-version":[{"id":69,"href":"http:\/\/consuladoguianasp.org.br\/index.php?rest_route=\/wp\/v2\/pages\/11\/revisions\/69"}],"wp:featuredmedia":[{"embeddable":true,"href":"http:\/\/consuladoguianasp.org.br\/index.php?rest_route=\/wp\/v2\/media\/53"}],"wp:attachment":[{"href":"http:\/\/consuladoguianasp.org.br\/index.php?rest_route=%2Fwp%2Fv2%2Fmedia&parent=11"}],"curies":[{"name":"wp","href":"https:\/\/api.w.org\/{rel}","templated":true}]}}