{"id":10,"date":"2024-01-16T20:22:06","date_gmt":"2024-01-16T23:22:06","guid":{"rendered":"http:\/\/consuladoguianasp.org.br\/novo\/?page_id=10"},"modified":"2024-01-18T21:50:00","modified_gmt":"2024-01-19T00:50:00","slug":"homepage","status":"publish","type":"page","link":"http:\/\/consuladoguianasp.org.br\/","title":{"rendered":"Homepage"},"content":{"rendered":"\n<div class=\"wp-block-cover alignfull is-light\" style=\"min-height:100vh;aspect-ratio:unset;\"><span aria-hidden=\"true\" class=\"wp-block-cover__background has-background-dim-20 has-background-dim\"><\/span><img fetchpriority=\"high\" decoding=\"async\" width=\"2000\" height=\"1200\" class=\"wp-block-cover__image-background wp-image-90\" alt=\"\" src=\"http:\/\/consuladoguianasp.org.br\/wp-content\/uploads\/2024\/01\/cabecalho2-1.png\" data-object-fit=\"cover\" srcset=\"http:\/\/consuladoguianasp.org.br\/wp-content\/uploads\/2024\/01\/cabecalho2-1.png 2000w, http:\/\/consuladoguianasp.org.br\/wp-content\/uploads\/2024\/01\/cabecalho2-1-300x180.png 300w, http:\/\/consuladoguianasp.org.br\/wp-content\/uploads\/2024\/01\/cabecalho2-1-1024x614.png 1024w\" sizes=\"(max-width: 2000px) 100vw, 2000px\" \/><div class=\"wp-block-cover__inner-container has-global-padding is-layout-constrained wp-block-cover-is-layout-constrained\">\n<p class=\"has-text-align-center has-white-color has-text-color has-max-60-font-size\" style=\"font-style:normal;font-weight:900;line-height:1.2\"><strong><strong>Consulado Honor\u00e1rio da Rep\u00fablica Cooperativis<\/strong>ta da Guiana | SP<\/strong><\/p>\n\n\n\n<p class=\"has-text-align-center has-white-color has-text-color has-medium-font-size\">Se voc\u00ea est\u00e1 procurando um destino \u00fanico, cheio de aventura, hospitalidade e experi\u00eancias \u00fanicas, ent\u00e3o \u201cGuiana \u2013 Am\u00e9rica do Sul n\u00e3o descoberta\u201d \u00e9 o lugar certo !!!&nbsp;<\/p>\n<\/div><\/div>\n\n\n\n<div class=\"wp-block-group has-global-padding is-layout-constrained wp-block-group-is-layout-constrained\">\n<div style=\"height:57px\" aria-hidden=\"true\" class=\"wp-block-spacer\"><\/div>\n\n\n\n<h2 class=\"wp-block-heading has-text-align-center has-medium-font-size\" style=\"letter-spacing:1px\">SOBRE A GUIANA<\/h2>\n\n\n\n<p class=\"has-text-align-center\">A Guiana \u00e9 um pa\u00eds Sul-americano \/ Caribenho com, aproximadamente, 215000 kil\u00f4metros quadrados de extens\u00e3o e uma rica paisagem. O Pa\u00eds \u00e9 formado por tr\u00eas munic\u00edpios: Demerara, Berbice e Essequibo. No primeiro encontra-se a cidade de Georgetown, a capital do Pa\u00eds e a base de estada da maioria dos turistas.<\/p>\n\n\n\n<div class=\"wp-block-buttons is-horizontal is-content-justification-center is-layout-flex wp-container-core-buttons-is-layout-03627597 wp-block-buttons-is-layout-flex\">\n<div class=\"wp-block-button has-custom-font-size is-style-outline has-small-font-size is-style-outline--1\"><a class=\"wp-block-button__link wp-element-button\" href=\"http:\/\/consuladoguianasp.org.br\/novo\/?page_id=11\" style=\"border-radius:0px\">SAIBA MAIS<\/a><\/div>\n<\/div>\n\n\n\n<div style=\"height:57px\" aria-hidden=\"true\" class=\"wp-block-spacer\"><\/div>\n<\/div>\n\n\n\n<div id=\"team\" class=\"wp-block-group has-global-padding is-layout-constrained wp-block-group-is-layout-constrained\">\n<div class=\"wp-block-group is-layout-flow wp-block-group-is-layout-flow\">\n<h2 class=\"wp-block-heading\">O CONSUL<\/h2>\n\n\n\n<div style=\"height:27px\" aria-hidden=\"true\" class=\"wp-block-spacer\"><\/div>\n\n\n\n<div class=\"wp-block-columns is-layout-flex wp-container-core-columns-is-layout-28f84493 wp-block-columns-is-layout-flex\">\n<div class=\"wp-block-column is-style-default is-layout-flow wp-block-column-is-layout-flow\" style=\"border-style:none;border-width:0px;padding-top:0;padding-right:0;padding-bottom:0;padding-left:0\">\n<figure class=\"wp-block-image size-full is-style-default\"><img decoding=\"async\" width=\"740\" height=\"940\" src=\"http:\/\/consuladoguianasp.org.br\/wp-content\/uploads\/2024\/01\/oConsul-1-1.png\" alt=\"\" class=\"wp-image-97\" srcset=\"http:\/\/consuladoguianasp.org.br\/wp-content\/uploads\/2024\/01\/oConsul-1-1.png 740w, http:\/\/consuladoguianasp.org.br\/wp-content\/uploads\/2024\/01\/oConsul-1-1-236x300.png 236w\" sizes=\"(max-width: 740px) 100vw, 740px\" \/><\/figure>\n<\/div>\n\n\n\n<div class=\"wp-block-column is-style-default is-layout-flow wp-block-column-is-layout-flow\" style=\"border-style:none;border-width:0px;padding-top:0;padding-right:0;padding-bottom:0;padding-left:0\">\n<h3 class=\"wp-block-heading\"><strong>Dr. Carlos Frederico Zimmermann Neto<\/strong><\/h3>\n\n\n\n<p class=\"has-tertiary-color has-text-color has-link-color wp-elements-450988607c5763a7f0e5598beaa8bbfc\"><strong>Consul Honor\u00e1rio<\/strong><\/p>\n\n\n\n<ul class=\"wp-block-social-links has-icon-color is-style-logos-only is-layout-flex wp-container-core-social-links-is-layout-5f86147d wp-block-social-links-is-layout-flex\"><li style=\"color:currentColor;\" class=\"wp-social-link wp-social-link-linkedin has-primary-color wp-block-social-link\"><a href=\"https:\/\/br.linkedin.com\/in\/zimmermann-neto-carlos-frederico-65891120\" class=\"wp-block-social-link-anchor\"><svg width=\"24\" height=\"24\" viewBox=\"0 0 24 24\" version=\"1.1\" xmlns=\"http:\/\/www.w3.org\/2000\/svg\" aria-hidden=\"true\" focusable=\"false\"><path d=\"M19.7,3H4.3C3.582,3,3,3.582,3,4.3v15.4C3,20.418,3.582,21,4.3,21h15.4c0.718,0,1.3-0.582,1.3-1.3V4.3 C21,3.582,20.418,3,19.7,3z M8.339,18.338H5.667v-8.59h2.672V18.338z M7.004,8.574c-0.857,0-1.549-0.694-1.549-1.548 c0-0.855,0.691-1.548,1.549-1.548c0.854,0,1.547,0.694,1.547,1.548C8.551,7.881,7.858,8.574,7.004,8.574z M18.339,18.338h-2.669 v-4.177c0-0.996-0.017-2.278-1.387-2.278c-1.389,0-1.601,1.086-1.601,2.206v4.249h-2.667v-8.59h2.559v1.174h0.037 c0.356-0.675,1.227-1.387,2.526-1.387c2.703,0,3.203,1.779,3.203,4.092V18.338z\"><\/path><\/svg><span class=\"wp-block-social-link-label screen-reader-text\">LinkedIn<\/span><\/a><\/li><\/ul>\n\n\n\n<p>O Prof. Dr. Carlos Frederico Zimmermann Neto \u00e9 natural de Curitiba, Paran\u00e1 e graduado pela Faculdade de Direito de Curitiba.<br>Pouco tempo depois, foi contratado pela Itaipu Binacional para chefiar o escrit\u00f3rio da Diretoria Jur\u00eddica, em Foz do Igua\u00e7u, Paran\u00e1, onde iniciou, simultaneamente, a sua carreira de professor universit\u00e1rio.<br>Em 1991, desligou-se da Itaipu e veio para a capital paulista com a finalidade de exercer a advocacia trabalhista em escrit\u00f3rio especializado. Neste momento, inicia a sua p\u00f3s-gradua\u00e7\u00e3o na Faculdade de Direito da Universidade de S\u00e3o Paulo.<br>Primeiro obteve o t\u00edtulo de Especialista, depois o de Mestre e, finalmente, o t\u00edtulo de Doutor em Direito pela prestigiosa Faculdade do \u201cLargo S\u00e3o Francisco\u201d.<br>Em 1995, criou o escrit\u00f3rio Zimmermann Neto Advocacia e permaneceu lecionando em diversas Faculdades de Direito e em cursos preparat\u00f3rios para as carreiras jur\u00eddicas, dentre outros, o Curso Mannrich e Robortella e o Curso do Prof. Dam\u00e1sio de Jesus, onde foi o primeiro Diretor Acad\u00eamico da Faculdade de Direito do mesmo grupo. Atualmente, \u00e9 professor da Universidade Presbiteriana Mackenzie e da Universidade Paulista. Em raz\u00e3o do curr\u00edculo forjado ao longo dos anos de advocacia e magist\u00e9rio, em 2013, exerceu a fun\u00e7\u00e3o de Superintendente Regional do Trabalho no Estado de S\u00e3o Paulo, cuja denomina\u00e7\u00e3o anterior era de Delegado Regional do Trabalho.<\/p>\n<\/div>\n<\/div>\n\n\n\n<div style=\"height:0px\" aria-hidden=\"true\" class=\"wp-block-spacer\"><\/div>\n<\/div>\n<\/div>\n\n\n\n<div class=\"wp-block-group has-global-padding is-layout-constrained wp-block-group-is-layout-constrained\">\n<div style=\"height:57px\" aria-hidden=\"true\" class=\"wp-block-spacer\"><\/div>\n\n\n\n<h2 class=\"wp-block-heading has-text-align-center has-medium-font-size\" style=\"letter-spacing:1px\"><strong><strong>GUIANA, A AM\u00c9RICA DO SUL N\u00c3O DESCOBERTA<\/strong><\/strong><\/h2>\n\n\n\n<p>\u00c9 um para\u00edso para os amantes da natureza, os amantes da aventura e os ecologistas. N\u00f3s temos uma combina\u00e7\u00e3o irresist\u00edvel de beleza natural fascinante e deslumbrante; Florestas amaz\u00f4nicas pr\u00edstinas; Imensas cachoeiras; incr\u00edvel vida selvagem; Misturado com uma vibrante cultura ind\u00edgena, rica heran\u00e7a e as pessoas mais hospitaleiras e amig\u00e1veis do mundo.<\/p>\n\n\n\n<p>Se voc\u00ea est\u00e1 procurando um destino \u00fanico, cheio de aventura, hospitalidade e experi\u00eancias \u00fanicas, ent\u00e3o \u201cGuiana \u2013 Am\u00e9rica do Sul n\u00e3o descoberta\u201d \u00e9 o lugar certo !!!<\/p>\n\n\n\n<p>Uma experi\u00eancia verdadeiramente inesquec\u00edvel e inesquec\u00edvel espera por voc\u00ea.<\/p>\n<\/div>\n\n\n\n<div class=\"wp-block-group alignfull pattern_multiple_covers has-background has-global-padding is-layout-constrained wp-block-group-is-layout-constrained\" id=\"services\" style=\"background-color:#f8f8f8\">\n<div style=\"height:46px\" aria-hidden=\"true\" class=\"wp-block-spacer\"><\/div>\n\n\n\n<div class=\"wp-block-columns is-layout-flex wp-container-core-columns-is-layout-28f84493 wp-block-columns-is-layout-flex\">\n<div class=\"wp-block-column is-layout-flow wp-block-column-is-layout-flow\" style=\"padding-top:0;padding-right:0;padding-bottom:0;padding-left:0\">\n<div class=\"wp-block-cover has-custom-content-position is-position-top-left is-layout-flow wp-block-cover-is-layout-flow wp-duotone-unset-2\" style=\"padding-top:var(--wp--preset--spacing--small);padding-right:var(--wp--preset--spacing--x-small);padding-bottom:var(--wp--preset--spacing--small);padding-left:var(--wp--preset--spacing--x-small)\"><span aria-hidden=\"true\" class=\"wp-block-cover__background has-primary-background-color has-background-dim-0 has-background-dim\"><\/span><img decoding=\"async\" width=\"1920\" height=\"1080\" class=\"wp-block-cover__image-background wp-image-62\" alt=\"\" src=\"http:\/\/consuladoguianasp.org.br\/wp-content\/uploads\/2024\/01\/guyana-40587150-1483532846-ImageGalleryLightboxLarge.jpeg\" data-object-fit=\"cover\" srcset=\"http:\/\/consuladoguianasp.org.br\/wp-content\/uploads\/2024\/01\/guyana-40587150-1483532846-ImageGalleryLightboxLarge.jpeg 1920w, http:\/\/consuladoguianasp.org.br\/wp-content\/uploads\/2024\/01\/guyana-40587150-1483532846-ImageGalleryLightboxLarge-300x169.jpeg 300w, http:\/\/consuladoguianasp.org.br\/wp-content\/uploads\/2024\/01\/guyana-40587150-1483532846-ImageGalleryLightboxLarge-1024x576.jpeg 1024w\" sizes=\"(max-width: 1920px) 100vw, 1920px\" \/><div class=\"wp-block-cover__inner-container\"><\/div><\/div>\n\n\n\n<div class=\"wp-block-cover is-light has-custom-content-position is-position-bottom-left is-layout-flow wp-block-cover-is-layout-flow\" style=\"padding-top:var(--wp--preset--spacing--small);padding-right:var(--wp--preset--spacing--x-small);padding-bottom:var(--wp--preset--spacing--small);padding-left:var(--wp--preset--spacing--x-small)\"><span aria-hidden=\"true\" class=\"wp-block-cover__background has-primary-background-color has-background-dim-0 has-background-dim\"><\/span><img loading=\"lazy\" decoding=\"async\" width=\"800\" height=\"533\" class=\"wp-block-cover__image-background wp-image-37\" alt=\"\" src=\"http:\/\/consuladoguianasp.org.br\/wp-content\/uploads\/2024\/01\/BerbiceRiver.jpeg\" data-object-fit=\"cover\" srcset=\"http:\/\/consuladoguianasp.org.br\/wp-content\/uploads\/2024\/01\/BerbiceRiver.jpeg 800w, http:\/\/consuladoguianasp.org.br\/wp-content\/uploads\/2024\/01\/BerbiceRiver-300x200.jpeg 300w\" sizes=\"(max-width: 800px) 100vw, 800px\" \/><div class=\"wp-block-cover__inner-container\"><\/div><\/div>\n<\/div>\n\n\n\n<div class=\"wp-block-column is-layout-flow wp-block-column-is-layout-flow\" style=\"padding-top:0;padding-right:0;padding-bottom:0;padding-left:0\">\n<div class=\"wp-block-cover is-light has-custom-content-position is-position-bottom-left\" style=\"padding-top:var(--wp--preset--spacing--small);padding-right:var(--wp--preset--spacing--x-small);padding-bottom:var(--wp--preset--spacing--small);padding-left:var(--wp--preset--spacing--x-small)\"><span aria-hidden=\"true\" class=\"wp-block-cover__background has-primary-background-color has-background-dim-0 has-background-dim\"><\/span><img loading=\"lazy\" decoding=\"async\" width=\"1024\" height=\"768\" class=\"wp-block-cover__image-background wp-image-60\" alt=\"\" src=\"http:\/\/consuladoguianasp.org.br\/wp-content\/uploads\/2024\/01\/ed11860dc0860d48475ba401723a5faa.jpeg\" data-object-fit=\"cover\" srcset=\"http:\/\/consuladoguianasp.org.br\/wp-content\/uploads\/2024\/01\/ed11860dc0860d48475ba401723a5faa.jpeg 1024w, http:\/\/consuladoguianasp.org.br\/wp-content\/uploads\/2024\/01\/ed11860dc0860d48475ba401723a5faa-300x225.jpeg 300w, http:\/\/consuladoguianasp.org.br\/wp-content\/uploads\/2024\/01\/ed11860dc0860d48475ba401723a5faa-600x450.jpeg 600w\" sizes=\"(max-width: 1024px) 100vw, 1024px\" \/><div class=\"wp-block-cover__inner-container is-layout-flow wp-block-cover-is-layout-flow\">\n<p><\/p>\n<\/div><\/div>\n\n\n\n<div class=\"wp-block-cover has-custom-content-position is-position-bottom-left is-layout-flow wp-block-cover-is-layout-flow\" style=\"padding-top:var(--wp--preset--spacing--small);padding-right:var(--wp--preset--spacing--x-small);padding-bottom:var(--wp--preset--spacing--small);padding-left:var(--wp--preset--spacing--x-small)\"><span aria-hidden=\"true\" class=\"wp-block-cover__background has-primary-background-color has-background-dim-0 has-background-dim\"><\/span><img loading=\"lazy\" decoding=\"async\" width=\"2000\" height=\"1200\" class=\"wp-block-cover__image-background wp-image-53\" alt=\"\" src=\"http:\/\/consuladoguianasp.org.br\/wp-content\/uploads\/2024\/01\/ccfvgbhinj.jpeg\" data-object-fit=\"cover\" srcset=\"http:\/\/consuladoguianasp.org.br\/wp-content\/uploads\/2024\/01\/ccfvgbhinj.jpeg 2000w, http:\/\/consuladoguianasp.org.br\/wp-content\/uploads\/2024\/01\/ccfvgbhinj-300x180.jpeg 300w, http:\/\/consuladoguianasp.org.br\/wp-content\/uploads\/2024\/01\/ccfvgbhinj-1024x614.jpeg 1024w, http:\/\/consuladoguianasp.org.br\/wp-content\/uploads\/2024\/01\/ccfvgbhinj-1536x922.jpeg 1536w, http:\/\/consuladoguianasp.org.br\/wp-content\/uploads\/2024\/01\/ccfvgbhinj-600x360.jpeg 600w, http:\/\/consuladoguianasp.org.br\/wp-content\/uploads\/2024\/01\/ccfvgbhinj-1200x720.jpeg 1200w\" sizes=\"(max-width: 2000px) 100vw, 2000px\" \/><div class=\"wp-block-cover__inner-container\"><\/div><\/div>\n<\/div>\n\n\n\n<div class=\"wp-block-column is-layout-flow wp-block-column-is-layout-flow\" style=\"padding-top:0;padding-right:0;padding-bottom:0;padding-left:0\">\n<div class=\"wp-block-cover has-custom-content-position is-position-bottom-left is-layout-flow wp-block-cover-is-layout-flow\" style=\"padding-top:var(--wp--preset--spacing--small);padding-right:var(--wp--preset--spacing--x-small);padding-bottom:var(--wp--preset--spacing--small);padding-left:var(--wp--preset--spacing--x-small)\"><span aria-hidden=\"true\" class=\"wp-block-cover__background has-primary-background-color has-background-dim-0 has-background-dim\"><\/span><img loading=\"lazy\" decoding=\"async\" width=\"2200\" height=\"1467\" class=\"wp-block-cover__image-background wp-image-59\" alt=\"\" src=\"http:\/\/consuladoguianasp.org.br\/wp-content\/uploads\/2024\/01\/city-93-4457.jpeg\" data-object-fit=\"cover\" srcset=\"http:\/\/consuladoguianasp.org.br\/wp-content\/uploads\/2024\/01\/city-93-4457.jpeg 2200w, http:\/\/consuladoguianasp.org.br\/wp-content\/uploads\/2024\/01\/city-93-4457-300x200.jpeg 300w, http:\/\/consuladoguianasp.org.br\/wp-content\/uploads\/2024\/01\/city-93-4457-1024x683.jpeg 1024w, http:\/\/consuladoguianasp.org.br\/wp-content\/uploads\/2024\/01\/city-93-4457-2000x1334.jpeg 2000w, http:\/\/consuladoguianasp.org.br\/wp-content\/uploads\/2024\/01\/city-93-4457-600x400.jpeg 600w, http:\/\/consuladoguianasp.org.br\/wp-content\/uploads\/2024\/01\/city-93-4457-1200x800.jpeg 1200w\" sizes=\"(max-width: 2200px) 100vw, 2200px\" \/><div class=\"wp-block-cover__inner-container\"><\/div><\/div>\n\n\n\n<div class=\"wp-block-cover has-custom-content-position is-position-bottom-left is-layout-flow wp-block-cover-is-layout-flow\" style=\"padding-top:var(--wp--preset--spacing--small);padding-right:var(--wp--preset--spacing--x-small);padding-bottom:var(--wp--preset--spacing--small);padding-left:var(--wp--preset--spacing--x-small)\"><span aria-hidden=\"true\" class=\"wp-block-cover__background has-primary-background-color has-background-dim-0 has-background-dim\"><\/span><img loading=\"lazy\" decoding=\"async\" width=\"1600\" height=\"900\" class=\"wp-block-cover__image-background wp-image-61\" alt=\"\" src=\"http:\/\/consuladoguianasp.org.br\/wp-content\/uploads\/2024\/01\/Guyana_high-res_resize.2e16d0ba.fill-1600x900-1.jpg\" data-object-fit=\"cover\" srcset=\"http:\/\/consuladoguianasp.org.br\/wp-content\/uploads\/2024\/01\/Guyana_high-res_resize.2e16d0ba.fill-1600x900-1.jpg 1600w, http:\/\/consuladoguianasp.org.br\/wp-content\/uploads\/2024\/01\/Guyana_high-res_resize.2e16d0ba.fill-1600x900-1-300x169.jpg 300w, http:\/\/consuladoguianasp.org.br\/wp-content\/uploads\/2024\/01\/Guyana_high-res_resize.2e16d0ba.fill-1600x900-1-1024x576.jpg 1024w\" sizes=\"(max-width: 1600px) 100vw, 1600px\" \/><div class=\"wp-block-cover__inner-container\"><\/div><\/div>\n<\/div>\n<\/div>\n\n\n\n<div style=\"height:103px\" aria-hidden=\"true\" class=\"wp-block-spacer\"><\/div>\n<\/div>\n\n\n\n<div class=\"wp-block-cover alignfull is-light has-parallax is-position-center-center is-layout-flow wp-block-cover-is-layout-flow\" style=\"border-radius:0px;min-height:530px;aspect-ratio:unset;\"><span aria-hidden=\"true\" class=\"wp-block-cover__background has-black-background-color has-background-dim-40 has-background-dim\"><\/span><div role=\"img\" class=\"wp-block-cover__image-background wp-image-95 has-parallax\" style=\"background-position:50% 50%;background-image:url(http:\/\/consuladoguianasp.org.br\/wp-content\/uploads\/2024\/01\/Guyana_high-res_resize.2e16d0ba.fill-1600x900-3.jpg)\"><\/div><div class=\"wp-block-cover__inner-container\"><\/div><\/div>\n","protected":false},"excerpt":{"rendered":"<p>SOBRE A GUIANA A Guiana \u00e9 um pa\u00eds Sul-americano \/ Caribenho com, aproximadamente, 215000 kil\u00f4metros quadrados de extens\u00e3o e uma rica paisagem. O Pa\u00eds \u00e9 formado por tr\u00eas munic\u00edpios: Demerara, Berbice e Essequibo. No primeiro encontra-se a cidade de Georgetown, a capital do Pa\u00eds e a base de estada da maioria dos turistas. O CONSUL &hellip; <\/p>\n<p class=\"link-more\"><a href=\"http:\/\/consuladoguianasp.org.br\/\" class=\"more-link\">Read more<span class=\"screen-reader-text\"> &#8220;Homepage&#8221;<\/span><\/a><\/p>\n","protected":false},"author":1,"featured_media":0,"parent":0,"menu_order":0,"comment_status":"closed","ping_status":"closed","template":"page-templates\/homepage-no-hero.php","meta":{"footnotes":""},"class_list":["post-10","page","type-page","status-publish","hentry"],"featured_media_urls":[],"_links":{"self":[{"href":"http:\/\/consuladoguianasp.org.br\/index.php?rest_route=\/wp\/v2\/pages\/10","targetHints":{"allow":["GET"]}}],"collection":[{"href":"http:\/\/consuladoguianasp.org.br\/index.php?rest_route=\/wp\/v2\/pages"}],"about":[{"href":"http:\/\/consuladoguianasp.org.br\/index.php?rest_route=\/wp\/v2\/types\/page"}],"author":[{"embeddable":true,"href":"http:\/\/consuladoguianasp.org.br\/index.php?rest_route=\/wp\/v2\/users\/1"}],"replies":[{"embeddable":true,"href":"http:\/\/consuladoguianasp.org.br\/index.php?rest_route=%2Fwp%2Fv2%2Fcomments&post=10"}],"version-history":[{"count":17,"href":"http:\/\/consuladoguianasp.org.br\/index.php?rest_route=\/wp\/v2\/pages\/10\/revisions"}],"predecessor-version":[{"id":98,"href":"http:\/\/consuladoguianasp.org.br\/index.php?rest_route=\/wp\/v2\/pages\/10\/revisions\/98"}],"wp:attachment":[{"href":"http:\/\/consuladoguianasp.org.br\/index.php?rest_route=%2Fwp%2Fv2%2Fmedia&parent=10"}],"curies":[{"name":"wp","href":"https:\/\/api.w.org\/{rel}","templated":true}]}}